{"id":491,"date":"2023-08-03T10:42:40","date_gmt":"2023-08-03T10:42:40","guid":{"rendered":"https:\/\/www.nurolresidencebatumi.com\/about-us\/"},"modified":"2023-08-03T13:38:51","modified_gmt":"2023-08-03T13:38:51","slug":"hakkimizda","status":"publish","type":"page","link":"https:\/\/www.nurolresidencebatumi.com\/tr\/hakkimizda\/","title":{"rendered":"Hakk\u0131m\u0131zda"},"content":{"rendered":"<p><img loading=\"lazy\" decoding=\"async\" class=\"alignright wp-image-71\" src=\"https:\/\/www.nurolresidencebatumi.com\/wp-content\/uploads\/2023\/08\/about-us-2.jpg\" alt=\"\" width=\"327\" height=\"491\" srcset=\"https:\/\/www.nurolresidencebatumi.com\/wp-content\/uploads\/2023\/08\/about-us-2.jpg 533w, https:\/\/www.nurolresidencebatumi.com\/wp-content\/uploads\/2023\/08\/about-us-2-200x300.jpg 200w\" sizes=\"auto, (max-width: 327px) 100vw, 327px\" \/><\/p>\n<p>Nurol \u015eirketler Toplulu\u011fu, yar\u0131m as\u0131rl\u0131k ge\u00e7mi\u015fiyle bug\u00fcn, ticaretten savunma sanayine, in\u015faattan makina ve imalata, turizmden finansa kadar bir \u00e7ok sekt\u00f6rde 40&#8217;\u0131 a\u015fk\u0131n kurulu\u015f, i\u015ftirak ve ba\u011fl\u0131 ortakl\u0131klar\u0131yla, sadece T\u00fcrkiye&#8217;de de\u011fil d\u00fcnyan\u0131n bir \u00e7ok \u00fclkesinde de ad\u0131ndan ba\u015far\u0131 ile s\u00f6z ettiriyor&#8230;<\/p>\n<p>T\u00fcrk in\u015faat ve taahh\u00fct sekt\u00f6r\u00fcne yapt\u0131\u011f\u0131 b\u00fcy\u00fck katk\u0131lar\u0131, gurur verici referanslar\u0131 olan Nurol \u0130n\u015faat, k\u00f6kl\u00fc \u015firket k\u00fclt\u00fcr\u00fc, tecr\u00fcbeli kadrosu ve g\u00fc\u00e7l\u00fc makina park\u0131 ile T\u00fcrkiye&#8217;de baraj, t\u00fcnel, k\u00f6pr\u00fc, yol gibi altyap\u0131 ve ula\u015f\u0131m, end\u00fcstriyel tesis, i\u015f ve ticaret merkezleri, otel, l\u00fcks konut, bina ve uydu kent projeleri gibi bir \u00e7ok b\u00fcy\u00fck projeyi ba\u015far\u0131yla ger\u00e7ekle\u015ftirmi\u015f ve T\u00fcrkiye&#8217;yi modern g\u00f6r\u00fcnt\u00fclerle donatm\u0131\u015ft\u0131r.<\/p>\n<p>Uluslararas\u0131 Konsorsiyum&#8217;un lideri olarak Nurol \u0130n\u015faat \u015firketimizin y\u00fcr\u00fctt\u00fc\u011f\u00fc, T\u00fcrkiye&#8217;nin ikinci b\u00fcy\u00fck baraj\u0131 olacak olan ve tamamland\u0131\u011f\u0131nda 4 milyar Kwh enerji \u00fcretecek Il\u0131su Baraj\u0131 ve HES Projesi ile NUROL \u0130n\u015faat&#8217;\u0131n i\u00e7inde bulundu\u011fu T\u00fcrk Japon ortakl\u0131\u011f\u0131 taraf\u0131ndan y\u00fcr\u00fct\u00fclmekte olan Marmaray \u0130stanbul Bo\u011faz\u0131 Bat\u0131rma T\u00fcp Ge\u00e7i\u015f Projesi, Nurol&#8217;un taraf oldu\u011fu modern T\u00fcrkiye&#8217;nin mega projelerine sadece iki \u00f6rnektir.<\/p>\n<p>Nurol \u0130n\u015faat ba\u015far\u0131lar\u0131n\u0131 yurt d\u0131\u015f\u0131 ortakl\u0131k ve temsilcilikleriyle geni\u015fleterek \u00fcst\u00fcn performans\u0131n\u0131 uluslararas\u0131 pazarlarda da g\u00f6stermi\u015ftir. Rusya Federasyonu, T\u00fcrk Cumhuriyetleri ve Afganistan&#8217;\u0131 kapsayan faaliyet sahas\u0131, g\u00fcn\u00fcm\u00fczde K\u00f6rfez \u00dclkelerinden, Kuzey Afrika&#8217;ya, G\u00fcrcistan ve Polonya&#8217;ya kadar geni\u015fleyerek, \u00fc\u00e7 k\u0131taya yay\u0131lan referans projeleri ile NUROL \u0130n\u015faat&#8217;\u0131 bir d\u00fcnya \u015firketi haline getirmi\u015ftir.<\/p>\n<p>T\u00fcrkiye&#8217;nin ilk \u00f6zel sekt\u00f6r savunma sanayi kurulu\u015fu olma gururunu ta\u015f\u0131yan FNSS, BAE Systems ile ortak olarak ba\u015fta z\u0131rhl\u0131 muharebe arac\u0131 olmak \u00fczere de\u011fi\u015fik tipte ara\u00e7 ve silah sistemleri imal etmektedir. Sekt\u00f6rde tek kalemde yurt d\u0131\u015f\u0131na ihra\u00e7 edilen en b\u00fcy\u00fck savunma sistemi s\u00f6zle\u015fmesini ger\u00e7ekle\u015ftiren FNSS, T\u00fcrk Silahl\u0131 Kuvvetlerine hizmet vermenin yan\u0131 s\u0131ra bug\u00fcn d\u00fcnya \u00fclkelerinde de tan\u0131nm\u0131\u015f ve \u00fclkemize bir milyar dolara yakla\u015fan ihracat potansiyeli yaratm\u0131\u015ft\u0131r.<\/p>\n<p><img loading=\"lazy\" decoding=\"async\" class=\"alignleft wp-image-76\" src=\"https:\/\/www.nurolresidencebatumi.com\/wp-content\/uploads\/2023\/08\/about-us-1.jpg\" alt=\"\" width=\"344\" height=\"291\" srcset=\"https:\/\/www.nurolresidencebatumi.com\/wp-content\/uploads\/2023\/08\/about-us-1.jpg 800w, https:\/\/www.nurolresidencebatumi.com\/wp-content\/uploads\/2023\/08\/about-us-1-300x254.jpg 300w, https:\/\/www.nurolresidencebatumi.com\/wp-content\/uploads\/2023\/08\/about-us-1-768x650.jpg 768w\" sizes=\"auto, (max-width: 344px) 100vw, 344px\" \/><\/p>\n<p>Modern imalat teknolojisiyle y\u00fcksek kalitede \u00fcretim yapan Nurol Makina, 30 y\u0131ll\u0131k s\u00fcre i\u00e7inde Savunma Sanayii&#8217;nde yapt\u0131\u011f\u0131 \u00fcretimler yan\u0131nda, g\u00fc\u00e7l\u00fc ve deneyimli kadrosu ile Ar-Ge&#8217;ye dayal\u0131 \u00fcr\u00fcn geli\u015ftirme \u00e7al\u0131\u015fmalar\u0131na, savunma, g\u00fcvenlik ve makina imalat alanlar\u0131nda yeni \u00fcr\u00fcnlerin tasarlanmas\u0131 ve \u00fcretimine de devam etmektedir. Bunlardan biri de kompres\u00f6r \u00fcretimidir.<\/p>\n<p>Nurol Makina Sanayi b\u00fcnyesindeki Nurol \u00c7elik y\u0131ll\u0131k 12.000 ton \u00fcretim kapasitesi ile sekt\u00f6rdeki lider T\u00fcrk firmalar\u0131 aras\u0131nda bulunmakta olup, \u00e7elik k\u00f6pr\u00fc ve yap\u0131lar, petrol boru hatlar\u0131 ve pompa istasyonlar\u0131, rafineriler ve g\u00fc\u00e7 santrallerinin \u00e7elik imalat ve elektromekanik tesisat montajlar\u0131, \u00e7e\u015fitli yap\u0131 sistemleri imalat ve montaj ba\u015far\u0131s\u0131n\u0131 yurt i\u00e7inde oldu\u011fu kadar yurt d\u0131\u015f\u0131nda da s\u00fcrd\u00fcrmektedir.<\/p>\n<p>NUROL&#8217;un yeni yat\u0131r\u0131mlar\u0131 aras\u0131nda yer alan NUROL Teknoloji; tam otomasyonlu modern \u00fcretim tesisleri ile, geli\u015fmi\u015f malzeme i\u00e7erikli teknolojileri uygulamakta ve bunlar\u0131 T\u00fcrkiye ve d\u00fcnya pazar\u0131na sunmakta olup; savunma sanayii, havac\u0131l\u0131k, enerji, t\u0131p, otomotiv, tekstil, metalurji ve kimya gibi farkl\u0131 end\u00fcstrilerin ihtiya\u00e7lar\u0131na yan\u0131t vermektedir. Ar-Ge alan\u0131ndaki g\u00fcc\u00fc ile NUROL Teknoloji bu alanlardaki \u00f6nc\u00fc kurulu\u015flar aras\u0131nda yer alabilmek i\u00e7in nanoteknoloji ve uygulamalar\u0131 \u00fczerine odaklanmaktad\u0131r.<\/p>\n<p>Nurol \u015eirketler Toplulu\u011fu&#8217;nun finans sekt\u00f6r\u00fcnde 1999 y\u0131l\u0131nda bir yat\u0131r\u0131m bankas\u0131 olarak kurdu\u011fu NurolBank; \u0130stanbul ve Ankara&#8217;da ve \u0130zmir&#8217;de faaliyetlerine devam etmekte ve yarat\u0131lan sinerji ile g\u00fc\u00e7l\u00fc bir yap\u0131 olu\u015fturmaktad\u0131r.<\/p>\n<p><img loading=\"lazy\" decoding=\"async\" class=\"alignright wp-image-81\" src=\"https:\/\/www.nurolresidencebatumi.com\/wp-content\/uploads\/2023\/08\/about-us-3.jpg\" alt=\"\" width=\"419\" height=\"297\" srcset=\"https:\/\/www.nurolresidencebatumi.com\/wp-content\/uploads\/2023\/08\/about-us-3.jpg 800w, https:\/\/www.nurolresidencebatumi.com\/wp-content\/uploads\/2023\/08\/about-us-3-300x213.jpg 300w, https:\/\/www.nurolresidencebatumi.com\/wp-content\/uploads\/2023\/08\/about-us-3-768x544.jpg 768w\" sizes=\"auto, (max-width: 419px) 100vw, 419px\" \/>T\u00fcrkiye&#8217;nin modern kentle\u015fme olu\u015fumunda \u00f6nemli bir misyon \u00fcstlenen Nurol Gayrimenkul Yat\u0131r\u0131m Ortakl\u0131\u011f\u0131, \u0130stanbul&#8217;daki Nurol Plaza, l\u00fcks konut sekt\u00f6r\u00fcn\u00fcn zirve noktas\u0131n\u0131 te\u015fkil eden Ankara&#8217;daki Nurol Residence ve Bodrum&#8217;daki Oasis Al\u0131\u015fveri\u015f Merkezi gibi iddial\u0131 projeleriyle T\u00fcrkiye&#8217;nin farkl\u0131 noktalar\u0131na yay\u0131lm\u0131\u015f tesislerden olu\u015fan bir portf\u00f6y\u00fcn y\u00f6netimini s\u00fcrd\u00fcrmekte, bir yandan da yeni projeler \u00fczerinde \u00e7al\u0131\u015fmaktad\u0131r.<\/p>\n<p>Turizm sekt\u00f6r\u00fcnde Nurol Holding&#8217;in sahibi oldu\u011fu Ankara Sheraton Oteli, Starwood Hotels &amp; Resorts &#8220;l\u00fcks kolleksiyon&#8221; kategorisinde yer almaktad\u0131r. Sheraton Ankara Hotel &amp; Convention Center, &#8220;2007 D\u00fcnya Seyahat \u00d6d\u00fclleri&#8221; kapsam\u0131nda kazand\u0131\u011f\u0131 &#8220;Avrupa&#8217;n\u0131n En \u0130yi Konferans Oteli&#8221; ve &#8220;T\u00fcrkiye&#8217;nin En \u0130yi Konferans Oteli&#8221; \u00f6d\u00fcl\u00fc ile de hak etti\u011fi uluslararas\u0131 takdiri elde etmenin gururunu ya\u015famaktad\u0131r.<\/p>\n<p>Nurol Kul\u00fcp Salima&#8217;ya ait Antalya Kemer&#8217;deki 1100 yatak kapasiteli tatil k\u00f6y\u00fc; kaliteli hizmet fark\u0131yla, d\u00fcnyan\u0131n d\u00f6rt bir yan\u0131ndan gelen konuklar\u0131na huzurlu, s\u0131cak ortamlar sunmaya devam etmektedir.<\/p>\n<p><img loading=\"lazy\" decoding=\"async\" class=\" wp-image-86 alignleft\" src=\"https:\/\/www.nurolresidencebatumi.com\/wp-content\/uploads\/2023\/08\/about-us-4.jpg\" alt=\"\" width=\"389\" height=\"291\" srcset=\"https:\/\/www.nurolresidencebatumi.com\/wp-content\/uploads\/2023\/08\/about-us-4.jpg 800w, https:\/\/www.nurolresidencebatumi.com\/wp-content\/uploads\/2023\/08\/about-us-4-300x224.jpg 300w, https:\/\/www.nurolresidencebatumi.com\/wp-content\/uploads\/2023\/08\/about-us-4-768x574.jpg 768w\" sizes=\"auto, (max-width: 389px) 100vw, 389px\" \/><\/p>\n<p>\u00c7ok k\u0131sa bir zaman \u00f6nce, 220 oda ve sosyal bir komplekse sahip olan Sheraton Batum Oteli de tamamlanarak \u015eirketler Toplulu\u011fumuz&#8217;a kat\u0131lm\u0131\u015f bulunmaktad\u0131r.<br \/>\nBosfor , &#8220;A Grubu Seyahat Acentas\u0131&#8221; belgesi ile, turizm hizmetlerini s\u00fcrd\u00fcrmektedir.<br \/>\nVaroldu\u011fu her alanda kaliteli hizmet \u00fcreten NUROL \u015eirketler Toplulu\u011fu ayr\u0131ca;<\/p>\n<p>\u2022 Ankara ve \u0130stanbul&#8217;da i\u015fletmecilik faaliyetlerinde bulunan Karum Y\u00f6netim&#8217;i,<br \/>\n\u2022 Bodrum Oasis Al\u0131\u015fveri\u015f, K\u00fclt\u00fcr ve E\u011flence Merkezi&#8217;nin i\u015fletme y\u00f6netimini ba\u015far\u0131yla s\u00fcrd\u00fcren Botim&#8217;i,<br \/>\n\u2022 Yurt i\u00e7i ve yurt d\u0131\u015f\u0131na VIP standartlar\u0131nda hava taksi hizmeti vermeye devam eden NUROL Havac\u0131l\u0131k&#8217;\u0131 da b\u00fcnyesinde bar\u0131nd\u0131rmaktad\u0131r.<\/p>\n<p>\u00dclkenin artan enerji ihtiyac\u0131n\u0131n kar\u015f\u0131lanmas\u0131nda etkin rol \u00fcstlenmek amac\u0131n\u0131 ta\u015f\u0131yan NUROL Enerji \u00e7ok y\u00f6nl\u00fc faaliyetlerini s\u00fcrd\u00fcrmektedir. Bu kapsamda, hidroelektrik enerji projeleri geli\u015ftirmek \u00fczere kurulan &#8220;Enova Enerji&#8221; \u015firketi ile yap\u0131m\u0131 tamamlanan Osmaniye il s\u0131n\u0131rlar\u0131 i\u00e7indeki Ceyhan HES Projesi&#8217;nin 2010 y\u0131l\u0131nda Enerji Bakanl\u0131\u011f\u0131&#8217;nca resmi kabul\u00fc yap\u0131larak, O\u015fkan ve Berkman Santrallar\u0131 ticari \u00fcretime ba\u015flam\u0131\u015ft\u0131r.<\/p>\n<p>NUROL \u015eirketler Toplulu\u011fu&#8217;nun yurt d\u0131\u015f\u0131 in\u015faat faaliyetlerinde K\u00f6rfez \u00fclkelerinin \u00f6nemli bir pay\u0131 bulunmaktad\u0131r.<\/p>\n<p>Birle\u015fik Arap Emirlikleri&#8217;nde devam eden projeler kapsam\u0131nda, b\u00f6lgenin \u00f6nde gelen yat\u0131r\u0131mc\u0131lar\u0131n\u0131n i\u015fverenli\u011finde Dubai&#8217;deki uydu kentler \u00e7er\u00e7evesinde in\u015fa edilen konutlar\u0131n toplam\u0131 500.000 m2&#8217;yi a\u015fm\u0131\u015f olup, kentsel altyap\u0131 ve teknolojik \u00e7elik imalat projeleri referanslar aras\u0131na kat\u0131lm\u0131\u015ft\u0131r.<\/p>\n<p>Di\u011fer yandan Abu Dhabi&#8217;deki projelerimiz aras\u0131nda deniz k\u00f6pr\u00fc ge\u00e7itleri ve kanallar\u0131, \u00e7e\u015fitli k\u00f6pr\u00fc ve t\u00fcnel yap\u0131lar\u0131n\u0131 i\u00e7eren alt yap\u0131 in\u015faatlar\u0131 ile l\u00fcks otel ve residence&#8217;lar yer almaktad\u0131r.<\/p>\n<p>K\u00f6rfezde \u00e7al\u0131\u015fmalar\u0131n s\u00fcrd\u00fc\u011f\u00fc di\u011fer bir b\u00f6lge olan Katar&#8217;daki \u00e7elik imalat fabrikas\u0131 ile yurt d\u0131\u015f\u0131 \u00e7elik taahh\u00fct i\u015flerimiz devam etmektedir.<\/p>\n<p>Suudi Arabistan Krall\u0131\u011f\u0131&#8217;nda, Makine Grubumuzun, \u00f6zellikle FNSS Savunma sistemlerinin faaliyetleri devam ederken, NUROL \u0130n\u015faat&#8217;\u0131n da in\u015faat-taahh\u00fct alan\u0131ndaki \u00e7al\u0131\u015fmalar\u0131 2010 itibariyle tekrar ba\u015flamaktad\u0131r.<\/p>\n<p>Kuzey Afrika&#8217;da Cezayir&#8217;de ba\u015flayan in\u015faat \u00e7al\u0131\u015fmalar\u0131m\u0131z Libya&#8217;y\u0131 da i\u00e7ine alarak geni\u015flemi\u015ftir. Bu kapsamda baraj, k\u00f6pr\u00fc, otoyol gibi alt yap\u0131 projeleri ile kurumsal binalar yer almaktad\u0131r.<\/p>\n<p>NUROL faaliyetlerinin devam etti\u011fi ba\u015fka bir \u00fclke olan G\u00fcrcistan&#8217;da, Sheraton Batum Otel&#8217;in yan\u0131s\u0131ra, \u015fu anda \u0130\u00e7i\u015fleri Bakanl\u0131\u011f\u0131 Binas\u0131 olarak hizmet vermekte olan Tiflis&#8217;teki Polis Merkezi tamamlanm\u0131\u015f bulunmaktad\u0131r. \u00dclkede \u00f6zellikle enerji sekt\u00f6r\u00fcnde muhtelif projeler \u00e7er\u00e7evesindeki \u00e7al\u0131\u015fmalar\u0131m\u0131z s\u00fcrmektedir.<\/p>\n<p>Ad\u0131ndan ba\u015far\u0131lar\u0131yla ve \u00f6vg\u00fcyle s\u00f6z ettiren Nurol, kurumsal sosyal sorumluluk bilincine daima sahip olmu\u015ftur. Yapt\u0131\u011f\u0131 okul, k\u00fct\u00fcphane, e\u011fitim ve k\u00fclt\u00fcr merkezlerini milletine arma\u011fan eden, sanat\u0131n bir \u00e7ok alan\u0131nda desteklerini s\u00fcrd\u00fcren ve topluma yapt\u0131\u011f\u0131 hizmetleriyle b\u00fcy\u00fcyen Nurol E\u011fitim K\u00fclt\u00fcr ve Spor Vakf\u0131&#8217;n\u0131n yan\u0131 s\u0131ra Nurol Sanat Galerisi de sanatseverlere g\u00f6rsel g\u00fczellikler sunmaktad\u0131r.<\/p>\n<p>T\u00fcrk \u00f6zel sekt\u00f6r\u00fcn\u00fcn \u00f6nde gelen k\u00f6kl\u00fc kurulu\u015fu olarak, T\u00fcrkiye&#8217;ye ve d\u00fcnyaya eserleriyle imza atan Nurol \u015eirketler Toplulu\u011fu; \u00e7at\u0131s\u0131 alt\u0131nda de\u011fi\u015fik sekt\u00f6rlerde faaliyet g\u00f6steren \u015firketleri, ba\u011fl\u0131 ortakl\u0131klar\u0131, i\u015ftirakleri ve d\u00fcnya \u00e7ap\u0131nda yirmibin \u00e7al\u0131\u015fan\u0131ndan ald\u0131\u011f\u0131 g\u00fc\u00e7le yaratt\u0131\u011f\u0131 toplumsal ve ekonomik de\u011ferlerin kalitesiyle her zaman gurur duymaktad\u0131r.<\/p>\n","protected":false},"excerpt":{"rendered":"<p>Nurol \u015eirketler Toplulu\u011fu, yar\u0131m as\u0131rl\u0131k ge\u00e7mi\u015fiyle bug\u00fcn, ticaretten savunma sanayine, in\u015faattan makina ve imalata, turizmden finansa kadar bir \u00e7ok sekt\u00f6rde [&hellip;]<\/p>\n","protected":false},"author":1,"featured_media":0,"parent":0,"menu_order":0,"comment_status":"closed","ping_status":"closed","template":"","meta":{"rs_blank_template":"","rs_page_bg_color":"","slide_template_v7":"","footnotes":""},"class_list":["post-491","page","type-page","status-publish","hentry"],"_links":{"self":[{"href":"https:\/\/www.nurolresidencebatumi.com\/tr\/wp-json\/wp\/v2\/pages\/491","targetHints":{"allow":["GET"]}}],"collection":[{"href":"https:\/\/www.nurolresidencebatumi.com\/tr\/wp-json\/wp\/v2\/pages"}],"about":[{"href":"https:\/\/www.nurolresidencebatumi.com\/tr\/wp-json\/wp\/v2\/types\/page"}],"author":[{"embeddable":true,"href":"https:\/\/www.nurolresidencebatumi.com\/tr\/wp-json\/wp\/v2\/users\/1"}],"replies":[{"embeddable":true,"href":"https:\/\/www.nurolresidencebatumi.com\/tr\/wp-json\/wp\/v2\/comments?post=491"}],"version-history":[{"count":0,"href":"https:\/\/www.nurolresidencebatumi.com\/tr\/wp-json\/wp\/v2\/pages\/491\/revisions"}],"wp:attachment":[{"href":"https:\/\/www.nurolresidencebatumi.com\/tr\/wp-json\/wp\/v2\/media?parent=491"}],"curies":[{"name":"wp","href":"https:\/\/api.w.org\/{rel}","templated":true}]}}