{"id":495,"date":"2023-08-03T08:19:38","date_gmt":"2023-08-03T08:19:38","guid":{"rendered":"https:\/\/www.nurolresidencebatumi.com\/home\/"},"modified":"2025-01-30T11:39:42","modified_gmt":"2025-01-30T11:39:42","slug":"home","status":"publish","type":"page","link":"https:\/\/www.nurolresidencebatumi.com\/tr\/","title":{"rendered":"ANASAYFA"},"content":{"rendered":"<div class=\"wpb-content-wrapper\">[vc_row full_width=&#8221;stretch_row&#8221; content_placement=&#8221;middle&#8221; css=&#8221;.vc_custom_1691056533251{padding-top: 15.6px !important;padding-bottom: 15.6px !important;background-color: rgba(31,31,31,0.84) !important;*background-color: rgb(31,31,31) !important;}&#8221; el_class=&#8221;content-padding&#8221;][vc_column width=&#8221;1\/4&#8243;][vc_btn title=&#8221;B\u0130ZE ULA\u015eIN&#8221; style=&#8221;3d&#8221; shape=&#8221;square&#8221; color=&#8221;black&#8221; size=&#8221;sm&#8221; i_type=&#8221;openiconic&#8221; i_icon_openiconic=&#8221;vc-oi vc-oi-link&#8221; add_icon=&#8221;true&#8221; link=&#8221;url:https%3A%2F%2Fwww.nurolresidencebatumi.com%2Fcontact-us%2F&#8221;][\/vc_column][vc_column width=&#8221;3\/4&#8243;][vc_custom_heading text=&#8221;Nurol&#8217;un Sheraton Hotel&#8217;den Sonraki Yeni Batum Mucizesi&#8221; font_container=&#8221;tag:h2|text_align:left|color:%23b9a888&#8243; google_fonts=&#8221;font_family:Dancing%20Script%3Aregular%2C700|font_style:400%20regular%3A400%3Anormal&#8221;][\/vc_column][\/vc_row][vc_row][vc_column width=&#8221;2\/3&#8243; offset=&#8221;vc_col-sm-offset-2&#8243;][vc_column_text]\n<h1 style=\"text-align: center;\"><small>HAKKIMIZDA<\/small>NUROL RESIDENCE BATUMI<\/h1>\n<p class=\"lead\" style=\"text-align: center; font-family: 'Playfair Display';\">Nurol \u015eirketler Toplulu\u011fu, yar\u0131m as\u0131rl\u0131k ge\u00e7mi\u015fiyle bug\u00fcn, ticaretten savunma sanayine, in\u015faattan makina ve imalata, turizmden finansa kadar bir \u00e7ok sekt\u00f6rde 40&#8217;\u0131 a\u015fk\u0131n kurulu\u015f, i\u015ftirak ve ba\u011fl\u0131 ortakl\u0131klar\u0131yla, sadece T\u00fcrkiye&#8217;de de\u011fil d\u00fcnyan\u0131n bir \u00e7ok \u00fclkesinde de ad\u0131ndan ba\u015far\u0131 ile s\u00f6z ettiriyor&#8230;<\/p>\n[\/vc_column_text][\/vc_column][\/vc_row][vc_row full_width=&#8221;stretch_row&#8221; css=&#8221;.vc_custom_1691136808603{background-color: #000000 !important;}&#8221; el_class=&#8221;footerlogolar&#8221;][vc_column width=&#8221;1\/4&#8243;][vc_raw_html]JTNDYSUyMGhyZWYlM0QlMjJodHRwcyUzQSUyRiUyRnd3dy5udXJvbC5jb20udHIlMkYlMjIlMjB0YXJnZXQlM0QlMjJfYmxhbmslMjIlM0UlM0NpbWclMjBjbGFzcyUzRCUyMmFsaWdubm9uZSUyMHNpemUtZnVsbCUyMHdwLWltYWdlLTcwNSUyMiUyMHNyYyUzRCUyMmh0dHBzJTNBJTJGJTJGd3d3Lm51cm9scmVzaWRlbmNlYmF0dW1pLmNvbSUyRndwLWNvbnRlbnQlMkZ1cGxvYWRzJTJGMjAyMyUyRjA4JTJGbnVyb2wtbG9nby5wbmclMjIlMjBhbHQlM0QlMjIlMjIlMjB3aWR0aCUzRCUyMjg0JTIyJTIwaGVpZ2h0JTNEJTIyNTYlMjIlMjAlMkYlM0UlM0MlMkZhJTNFJTBBJTBBJTNDYSUyMGhyZWYlM0QlMjJodHRwcyUzQSUyRiUyRnd3dy5udXJvbGluc2FhdC5jb20udHIlMkYlMjAlMjIlMjB0YXJnZXQlM0QlMjJfYmxhbmslMjIlM0UlM0NpbWclMjBjbGFzcyUzRCUyMmFsaWdubm9uZSUyMHNpemUtZnVsbCUyMHdwLWltYWdlLTY5MyUyMiUyMHNyYyUzRCUyMmh0dHBzJTNBJTJGJTJGd3d3Lm51cm9scmVzaWRlbmNlYmF0dW1pLmNvbSUyRndwLWNvbnRlbnQlMkZ1cGxvYWRzJTJGMjAyMyUyRjA4JTJGbnVyb2wtaW5zYWF0LWxvZ28ucG5nJTIyJTIwYWx0JTNEJTIyJTIyJTIwd2lkdGglM0QlMjI4NCUyMiUyMGhlaWdodCUzRCUyMjU2JTIyJTIwJTJGJTNFJTNDJTJGYSUzRSUwQSUwQSUzQ2ElMjBocmVmJTNEJTIyaHR0cCUzQSUyRiUyRnd3dy5udXJvbGd5by5jb20udHIlMkYlMjIlMjB0YXJnZXQlM0QlMjJfYmxhbmslMjIlM0UlM0NpbWclMjBjbGFzcyUzRCUyMmFsaWdubm9uZSUyMHNpemUtZnVsbCUyMHdwLWltYWdlLTY4OSUyMiUyMHNyYyUzRCUyMmh0dHBzJTNBJTJGJTJGd3d3Lm51cm9scmVzaWRlbmNlYmF0dW1pLmNvbSUyRndwLWNvbnRlbnQlMkZ1cGxvYWRzJTJGMjAyMyUyRjA4JTJGbnVyb2wtZ3lvLWxvZ28ucG5nJTIyJTIwYWx0JTNEJTIyJTIyJTIwd2lkdGglM0QlMjI4NCUyMiUyMGhlaWdodCUzRCUyMjU2JTIyJTIwJTJGJTNFJTNDJTJGYSUzRSUwQSUwQSUzQ2ElMjBocmVmJTNEJTIyaHR0cHMlM0ElMkYlMkZ3d3cubnVyb2x1YWUuY29tJTJGJTIyJTIwdGFyZ2V0JTNEJTIyX2JsYW5rJTIyJTNFJTNDaW1nJTIwY2xhc3MlM0QlMjJhbGlnbm5vbmUlMjBzaXplLWZ1bGwlMjB3cC1pbWFnZS03MDElMjIlMjBzcmMlM0QlMjJodHRwcyUzQSUyRiUyRnd3dy5udXJvbHJlc2lkZW5jZWJhdHVtaS5jb20lMkZ3cC1jb250ZW50JTJGdXBsb2FkcyUyRjIwMjMlMkYwOCUyRm51cm9sLWxsYy1sb2dvLnBuZyUyMiUyMGFsdCUzRCUyMiUyMiUyMHdpZHRoJTNEJTIyODQlMjIlMjBoZWlnaHQlM0QlMjI1NiUyMiUyMCUyRiUzRSUzQyUyRmElM0UlMEElMEElM0NhJTIwaHJlZiUzRCUyMmh0dHAlM0ElMkYlMkZ3d3cub3RveW9sYXMuY29tLnRyJTJGJTIwJTIyJTIwdGFyZ2V0JTNEJTIyX2JsYW5rJTIyJTNFJTNDaW1nJTIwY2xhc3MlM0QlMjJhbGlnbm5vbmUlMjBzaXplLWZ1bGwlMjB3cC1pbWFnZS03MDklMjIlMjBzcmMlM0QlMjJodHRwcyUzQSUyRiUyRnd3dy5udXJvbHJlc2lkZW5jZWJhdHVtaS5jb20lMkZ3cC1jb250ZW50JTJGdXBsb2FkcyUyRjIwMjMlMkYwOCUyRm51cm9sLW90b3lvbC1sb2dvLnBuZyUyMiUyMGFsdCUzRCUyMiUyMiUyMHdpZHRoJTNEJTIyODQlMjIlMjBoZWlnaHQlM0QlMjI1NiUyMiUyMCUyRiUzRSUzQyUyRmElM0UlMEElMEElM0NhJTIwaHJlZiUzRCUyMmh0dHBzJTNBJTJGJTJGd3d3Lm51cm9sLmNvbS50ciUyRm51cm9sLWdlb3JnaWEtbGxjJTIwJTIyJTIwdGFyZ2V0JTNEJTIyX2JsYW5rJTIyJTNFJTNDaW1nJTIwY2xhc3MlM0QlMjJhbGlnbm5vbmUlMjBzaXplLWZ1bGwlMjB3cC1pbWFnZS02ODUlMjIlMjBzcmMlM0QlMjJodHRwcyUzQSUyRiUyRnd3dy5udXJvbHJlc2lkZW5jZWJhdHVtaS5jb20lMkZ3cC1jb250ZW50JTJGdXBsb2FkcyUyRjIwMjMlMkYwOCUyRm51cm9sLWdlb3JnaWEtbG9nby5wbmclMjIlMjBhbHQlM0QlMjIlMjIlMjB3aWR0aCUzRCUyMjg0JTIyJTIwaGVpZ2h0JTNEJTIyNTYlMjIlMjAlMkYlM0UlM0MlMkZhJTNFJTBBJTBBJTNDYSUyMGhyZWYlM0QlMjJodHRwJTNBJTJGJTJGd3d3Lm51cm9sbGlmZS5jb20udHIlMkYlMjAlMjIlMjB0YXJnZXQlM0QlMjJfYmxhbmslMjIlM0UlM0NpbWclMjBjbGFzcyUzRCUyMmFsaWdubm9uZSUyMHNpemUtZnVsbCUyMHdwLWltYWdlLTY5NyUyMiUyMHNyYyUzRCUyMmh0dHBzJTNBJTJGJTJGd3d3Lm51cm9scmVzaWRlbmNlYmF0dW1pLmNvbSUyRndwLWNvbnRlbnQlMkZ1cGxvYWRzJTJGMjAyMyUyRjA4JTJGbnVyb2wtbGlmZS1sb2dvLnBuZyUyMiUyMGFsdCUzRCUyMiUyMiUyMHdpZHRoJTNEJTIyODQlMjIlMjBoZWlnaHQlM0QlMjI1NiUyMiUyMCUyRiUzRSUzQyUyRmElM0UlMEElMEElM0NhJTIwaHJlZiUzRCUyMmh0dHAlM0ElMkYlMkZ3d3cubnVyb2x0b3dlci5jb20udHIlMkYlMjAlMjIlMjB0YXJnZXQlM0QlMjJfYmxhbmslMjIlM0UlM0NpbWclMjBjbGFzcyUzRCUyMmFsaWdubm9uZSUyMHNpemUtZnVsbCUyMHdwLWltYWdlLTcxNyUyMiUyMHNyYyUzRCUyMmh0dHBzJTNBJTJGJTJGd3d3Lm51cm9scmVzaWRlbmNlYmF0dW1pLmNvbSUyRndwLWNvbnRlbnQlMkZ1cGxvYWRzJTJGMjAyMyUyRjA4JTJGbnVyb2wtdG93ZXItbG9nby5wbmclMjIlMjBhbHQlM0QlMjIlMjIlMjB3aWR0aCUzRCUyMjg0JTIyJTIwaGVpZ2h0JTNEJTIyNTYlMjIlMjAlMkYlM0UlM0MlMkZhJTNFJTBBJTBBJTNDYSUyMGhyZWYlM0QlMjJodHRwJTNBJTJGJTJGd3d3Lm51cm9scGFyay5jb20udHIlMkYlMjAlMjIlMjB0YXJnZXQlM0QlMjJfYmxhbmslMjIlM0UlM0NpbWclMjBjbGFzcyUzRCUyMmFsaWdubm9uZSUyMHNpemUtZnVsbCUyMHdwLWltYWdlLTcxMyUyMiUyMHNyYyUzRCUyMmh0dHBzJTNBJTJGJTJGd3d3Lm51cm9scmVzaWRlbmNlYmF0dW1pLmNvbSUyRndwLWNvbnRlbnQlMkZ1cGxvYWRzJTJGMjAyMyUyRjA4JTJGbnVyb2wtcGFyay1sb2dvLnBuZyUyMiUyMGFsdCUzRCUyMiUyMiUyMHdpZHRoJTNEJTIyODQlMjIlMjBoZWlnaHQlM0QlMjI1NiUyMiUyMCUyRiUzRSUzQyUyRmElM0UlMEE=[\/vc_raw_html][\/vc_column][vc_column width=&#8221;1\/4&#8243;][vc_raw_html]JTNDYSUyMGhyZWYlM0QlMjJodHRwJTNBJTJGJTJGd3d3Lm51cm9sbWFraW5hLmNvbS50ciUyRiUyMiUyMHRhcmdldCUzRCUyMl9ibGFuayUyMiUzRSUzQ2ltZyUyMGNsYXNzJTNEJTIyYWxpZ25ub25lJTIwc2l6ZS1mdWxsJTIwd3AtaW1hZ2UtNzMwJTIyJTIwc3JjJTNEJTIyaHR0cHMlM0ElMkYlMkZ3d3cubnVyb2xyZXNpZGVuY2ViYXR1bWkuY29tJTJGd3AtY29udGVudCUyRnVwbG9hZHMlMkYyMDIzJTJGMDglMkYxLWZvb3Rlci1tYWtpbmEtMDAxLnBuZyUyMiUyMGFsdCUzRCUyMiUyMiUyMHdpZHRoJTNEJTIyODQlMjIlMjBoZWlnaHQlM0QlMjI1NiUyMiUyMCUyRiUzRSUzQyUyRmElM0UlMEElMEElM0NhJTIwaHJlZiUzRCUyMmh0dHAlM0ElMkYlMkZ3d3cubnVyb2x0ZWtub2xvamkuY29tJTJGJTIyJTIwdGFyZ2V0JTNEJTIyX2JsYW5rJTIyJTNFJTNDaW1nJTIwY2xhc3MlM0QlMjJhbGlnbm5vbmUlMjBzaXplLWZ1bGwlMjB3cC1pbWFnZS03MzQlMjIlMjBzcmMlM0QlMjJodHRwcyUzQSUyRiUyRnd3dy5udXJvbHJlc2lkZW5jZWJhdHVtaS5jb20lMkZ3cC1jb250ZW50JTJGdXBsb2FkcyUyRjIwMjMlMkYwOCUyRjItZm9vdGVyLXRla25vbG9qaS0wMDIucG5nJTIyJTIwYWx0JTNEJTIyJTIyJTIwd2lkdGglM0QlMjI4NCUyMiUyMGhlaWdodCUzRCUyMjU2JTIyJTIwJTJGJTNFJTNDJTJGYSUzRSUwQSUwQSUzQ2ElMjBocmVmJTNEJTIyaHR0cCUzQSUyRiUyRnd3dy5mbnNzLmNvbS50ciUyRiUyMiUyMHRhcmdldCUzRCUyMl9ibGFuayUyMiUzRSUzQ2ltZyUyMGNsYXNzJTNEJTIyYWxpZ25ub25lJTIwc2l6ZS1mdWxsJTIwd3AtaW1hZ2UtNzM4JTIyJTIwc3JjJTNEJTIyaHR0cHMlM0ElMkYlMkZ3d3cubnVyb2xyZXNpZGVuY2ViYXR1bWkuY29tJTJGd3AtY29udGVudCUyRnVwbG9hZHMlMkYyMDIzJTJGMDglMkYzLWZvb3Rlci0zLWZuc3MucG5nJTIyJTIwYWx0JTNEJTIyJTIyJTIwd2lkdGglM0QlMjI4NCUyMiUyMGhlaWdodCUzRCUyMjU2JTIyJTIwJTJGJTNFJTNDJTJGYSUzRSUwQSUwQSUzQ2ElMjBocmVmJTNEJTIyaHR0cHMlM0ElMkYlMkZ3d3cubnVyb2xjYXMuY29tLnRyJTJGJTIyJTIwdGFyZ2V0JTNEJTIyX2JsYW5rJTIyJTNFJTNDaW1nJTIwY2xhc3MlM0QlMjJhbGlnbm5vbmUlMjBzaXplLWZ1bGwlMjB3cC1pbWFnZS03NDIlMjIlMjBzcmMlM0QlMjJodHRwcyUzQSUyRiUyRnd3dy5udXJvbHJlc2lkZW5jZWJhdHVtaS5jb20lMkZ3cC1jb250ZW50JTJGdXBsb2FkcyUyRjIwMjMlMkYwOCUyRjQtY2FzLWxvZ28tZm9vdGVyLnBuZyUyMiUyMGFsdCUzRCUyMiUyMiUyMHdpZHRoJTNEJTIyODQlMjIlMjBoZWlnaHQlM0QlMjI1NiUyMiUyMCUyRiUzRSUzQyUyRmElM0UlMEElMEElM0NhJTIwaHJlZiUzRCUyMmh0dHAlM0ElMkYlMkZ3d3cudHVtYWQuY29tLnRyJTJGJTIyJTIwdGFyZ2V0JTNEJTIyX2JsYW5rJTIyJTNFJTNDaW1nJTIwY2xhc3MlM0QlMjJhbGlnbm5vbmUlMjBzaXplLWZ1bGwlMjB3cC1pbWFnZS03NDYlMjIlMjBzcmMlM0QlMjJodHRwcyUzQSUyRiUyRnd3dy5udXJvbHJlc2lkZW5jZWJhdHVtaS5jb20lMkZ3cC1jb250ZW50JTJGdXBsb2FkcyUyRjIwMjMlMkYwOCUyRjUtbnVyb2wtZm9vdGVyLW51cm9sLXRtYWQucG5nJTIyJTIwYWx0JTNEJTIyJTIyJTIwd2lkdGglM0QlMjI4NCUyMiUyMGhlaWdodCUzRCUyMjU2JTIyJTIwJTJGJTNFJTNDJTJGYSUzRSUwQSUwQSUzQ2ElMjBocmVmJTNEJTIyaHR0cCUzQSUyRiUyRnd3dy5udXJvbGVuZXJqaS5jb20udHIlMkYlMjIlMjB0YXJnZXQlM0QlMjJfYmxhbmslMjIlM0UlM0NpbWclMjBjbGFzcyUzRCUyMmFsaWdubm9uZSUyMHNpemUtZnVsbCUyMHdwLWltYWdlLTc1MCUyMiUyMHNyYyUzRCUyMmh0dHBzJTNBJTJGJTJGd3d3Lm51cm9scmVzaWRlbmNlYmF0dW1pLmNvbSUyRndwLWNvbnRlbnQlMkZ1cGxvYWRzJTJGMjAyMyUyRjA4JTJGNi1udXJvbC1mb290ZXItbnVyb2wtZW5lcmppLnBuZyUyMiUyMGFsdCUzRCUyMiUyMiUyMHdpZHRoJTNEJTIyODQlMjIlMjBoZWlnaHQlM0QlMjI1NiUyMiUyMCUyRiUzRSUzQyUyRmElM0UlMEElMEElM0NhJTIwaHJlZiUzRCUyMmh0dHBzJTNBJTJGJTJGd3d3Lm51cm9sLmNvbS50ciUyRm51cm9sLWdva3N1LWVsZWt0cmlrLXVyZXRpbS1hLXMlMjIlMjB0YXJnZXQlM0QlMjJfYmxhbmslMjIlM0UlM0NpbWclMjBjbGFzcyUzRCUyMmFsaWdubm9uZSUyMHNpemUtZnVsbCUyMHdwLWltYWdlLTc1NCUyMiUyMHNyYyUzRCUyMmh0dHBzJTNBJTJGJTJGd3d3Lm51cm9scmVzaWRlbmNlYmF0dW1pLmNvbSUyRndwLWNvbnRlbnQlMkZ1cGxvYWRzJTJGMjAyMyUyRjA4JTJGNy1udXJvbC1mb290ZXItbnVyb2wtZ29rc3UucG5nJTIyJTIwYWx0JTNEJTIyJTIyJTIwd2lkdGglM0QlMjI4NCUyMiUyMGhlaWdodCUzRCUyMjU2JTIyJTIwJTJGJTNFJTNDJTJGYSUzRSUwQSUwQSUzQ2ElMjBocmVmJTNEJTIyaHR0cCUzQSUyRiUyRnd3dy5lbm92YWVuZXJqaS5jb20udHIlMkYlMjIlMjB0YXJnZXQlM0QlMjJfYmxhbmslMjIlM0UlM0NpbWclMjBjbGFzcyUzRCUyMmFsaWdubm9uZSUyMHNpemUtZnVsbCUyMHdwLWltYWdlLTc1OCUyMiUyMHNyYyUzRCUyMmh0dHBzJTNBJTJGJTJGd3d3Lm51cm9scmVzaWRlbmNlYmF0dW1pLmNvbSUyRndwLWNvbnRlbnQlMkZ1cGxvYWRzJTJGMjAyMyUyRjA4JTJGOC1lbm92YS1mb290ZXIucG5nJTIyJTIwYWx0JTNEJTIyJTIyJTIwd2lkdGglM0QlMjI4NCUyMiUyMGhlaWdodCUzRCUyMjU2JTIyJTIwJTJGJTNFJTNDJTJGYSUzRSUwQSUwQSUzQ2ElMjBocmVmJTNEJTIyaHR0cCUzQSUyRiUyRnd3dy5udXJvbHNvbGFyLmNvbS50ciUyRiUyMiUyMHRhcmdldCUzRCUyMl9ibGFuayUyMiUzRSUzQ2ltZyUyMGNsYXNzJTNEJTIyYWxpZ25ub25lJTIwc2l6ZS1mdWxsJTIwd3AtaW1hZ2UtNzYyJTIyJTIwc3JjJTNEJTIyaHR0cHMlM0ElMkYlMkZ3d3cubnVyb2xyZXNpZGVuY2ViYXR1bWkuY29tJTJGd3AtY29udGVudCUyRnVwbG9hZHMlMkYyMDIzJTJGMDglMkY5LW51cm9sLWZvb3Rlci1udXJvbC1zb2xhci5wbmclMjIlMjBhbHQlM0QlMjIlMjIlMjB3aWR0aCUzRCUyMjg0JTIyJTIwaGVpZ2h0JTNEJTIyNTYlMjIlMjAlMkYlM0UlM0MlMkZhJTNFJTBB[\/vc_raw_html][\/vc_column][vc_column width=&#8221;1\/4&#8243;][vc_raw_html]JTNDYSUyMGhyZWYlM0QlMjJodHRwJTNBJTJGJTJGd3d3Lm51cm9saXNsZXRtZS5jb20udHIlMkYlMjIlMjB0YXJnZXQlM0QlMjJfYmxhbmslMjIlM0UlM0NpbWclMjBjbGFzcyUzRCUyMmFsaWdubm9uZSUyMHNpemUtZnVsbCUyMHdwLWltYWdlLTc2NyUyMiUyMHNyYyUzRCUyMmh0dHBzJTNBJTJGJTJGd3d3Lm51cm9scmVzaWRlbmNlYmF0dW1pLmNvbSUyRndwLWNvbnRlbnQlMkZ1cGxvYWRzJTJGMjAyMyUyRjA4JTJGMS1udXJvbC1mb290ZXItbnVyb2wtaXNsZXRtZS5wbmclMjIlMjBhbHQlM0QlMjIlMjIlMjB3aWR0aCUzRCUyMjg0JTIyJTIwaGVpZ2h0JTNEJTIyNTYlMjIlMjAlMkYlM0UlM0MlMkZhJTNFJTBBJTBBJTNDYSUyMGhyZWYlM0QlMjJodHRwJTNBJTJGJTJGd3d3Lm51cm9sYWlyLmNvbSUyRiUyMiUyMHRhcmdldCUzRCUyMl9ibGFuayUyMiUzRSUzQ2ltZyUyMGNsYXNzJTNEJTIyYWxpZ25ub25lJTIwc2l6ZS1mdWxsJTIwd3AtaW1hZ2UtNzcxJTIyJTIwc3JjJTNEJTIyaHR0cHMlM0ElMkYlMkZ3d3cubnVyb2xyZXNpZGVuY2ViYXR1bWkuY29tJTJGd3AtY29udGVudCUyRnVwbG9hZHMlMkYyMDIzJTJGMDglMkYyLW51cm9sLWZvb3Rlci1udXJvbC1oYXZhY2lsaWsucG5nJTIyJTIwYWx0JTNEJTIyJTIyJTIwd2lkdGglM0QlMjI4NCUyMiUyMGhlaWdodCUzRCUyMjU2JTIyJTIwJTJGJTNFJTNDJTJGYSUzRSUwQSUwQSUzQ2ElMjBocmVmJTNEJTIyaHR0cCUzQSUyRiUyRnd3dy5vYXNpc2JvZHJ1bS5jb20lMkYlMjIlMjB0YXJnZXQlM0QlMjJfYmxhbmslMjIlM0UlM0NpbWclMjBjbGFzcyUzRCUyMmFsaWdubm9uZSUyMHNpemUtZnVsbCUyMHdwLWltYWdlLTc3NSUyMiUyMHNyYyUzRCUyMmh0dHBzJTNBJTJGJTJGd3d3Lm51cm9scmVzaWRlbmNlYmF0dW1pLmNvbSUyRndwLWNvbnRlbnQlMkZ1cGxvYWRzJTJGMjAyMyUyRjA4JTJGMy1udXJvbC1mb290ZXItYm90aW0ucG5nJTIyJTIwYWx0JTNEJTIyJTIyJTIwd2lkdGglM0QlMjI4NCUyMiUyMGhlaWdodCUzRCUyMjU2JTIyJTIwJTJGJTNFJTNDJTJGYSUzRSUwQSUwQSUzQ2ElMjBocmVmJTNEJTIyaHR0cCUzQSUyRiUyRnd3dy5udXJvbGJhbmsuY29tLnRyJTJGJTIyJTIwdGFyZ2V0JTNEJTIyX2JsYW5rJTIyJTNFJTNDaW1nJTIwY2xhc3MlM0QlMjJhbGlnbm5vbmUlMjBzaXplLWZ1bGwlMjB3cC1pbWFnZS03NzklMjIlMjBzcmMlM0QlMjJodHRwcyUzQSUyRiUyRnd3dy5udXJvbHJlc2lkZW5jZWJhdHVtaS5jb20lMkZ3cC1jb250ZW50JTJGdXBsb2FkcyUyRjIwMjMlMkYwOCUyRjQtbnVyb2wtZm9vdGVyLW51cm9sLWJhbmsucG5nJTIyJTIwYWx0JTNEJTIyJTIyJTIwd2lkdGglM0QlMjI4NCUyMiUyMGhlaWdodCUzRCUyMjU2JTIyJTIwJTJGJTNFJTNDJTJGYSUzRSUwQSUwQSUzQ2ElMjBocmVmJTNEJTIyaHR0cCUzQSUyRiUyRnd3dy5udXJvbHNpZ29ydGEuY29tLnRyJTJGJTIyJTIwdGFyZ2V0JTNEJTIyX2JsYW5rJTIyJTNFJTNDaW1nJTIwY2xhc3MlM0QlMjJhbGlnbm5vbmUlMjBzaXplLWZ1bGwlMjB3cC1pbWFnZS03ODMlMjIlMjBzcmMlM0QlMjJodHRwcyUzQSUyRiUyRnd3dy5udXJvbHJlc2lkZW5jZWJhdHVtaS5jb20lMkZ3cC1jb250ZW50JTJGdXBsb2FkcyUyRjIwMjMlMkYwOCUyRjUtbnVyb2wtZm9vdGVyLW51cm9sLXNpZ29ydGEucG5nJTIyJTIwYWx0JTNEJTIyJTIyJTIwd2lkdGglM0QlMjI4NCUyMiUyMGhlaWdodCUzRCUyMjU2JTIyJTIwJTJGJTNFJTNDJTJGYSUzRSUwQQ==[\/vc_raw_html][\/vc_column][vc_column width=&#8221;1\/4&#8243;][vc_raw_html css=&#8221;&#8221;]JTNDYSUyMGhyZWYlM0QlMjJodHRwJTNBJTJGJTJGd3d3LnR1cnNlci5jb20udHIlMkYlMjIlMjB0YXJnZXQlM0QlMjJfYmxhbmslMjIlM0UlM0NpbWclMjBjbGFzcyUzRCUyMmFsaWdubm9uZSUyMHNpemUtZnVsbCUyMHdwLWltYWdlLTc4NyUyMiUyMHNyYyUzRCUyMmh0dHBzJTNBJTJGJTJGd3d3Lm51cm9scmVzaWRlbmNlYmF0dW1pLmNvbSUyRndwLWNvbnRlbnQlMkZ1cGxvYWRzJTJGMjAyMyUyRjA4JTJGMS1udXJvbC1mb290ZXItdHVyc2VyLnBuZyUyMiUyMGFsdCUzRCUyMiUyMiUyMHdpZHRoJTNEJTIyODQlMjIlMjBoZWlnaHQlM0QlMjI1NiUyMiUyMCUyRiUzRSUzQyUyRmElM0UlMEElMEElM0NhJTIwaHJlZiUzRCUyMmh0dHAlM0ElMkYlMkZ3d3cuYm9zZm9yLmNvbS50ciUyRiUyMiUyMHRhcmdldCUzRCUyMl9ibGFuayUyMiUzRSUzQ2ltZyUyMGNsYXNzJTNEJTIyYWxpZ25ub25lJTIwc2l6ZS1mdWxsJTIwd3AtaW1hZ2UtNzkxJTIyJTIwc3JjJTNEJTIyaHR0cHMlM0ElMkYlMkZ3d3cubnVyb2xyZXNpZGVuY2ViYXR1bWkuY29tJTJGd3AtY29udGVudCUyRnVwbG9hZHMlMkYyMDIzJTJGMDglMkYyLW51cm9sLWZvb3Rlci1ib3Nmb3IucG5nJTIyJTIwYWx0JTNEJTIyJTIyJTIwd2lkdGglM0QlMjI4NCUyMiUyMGhlaWdodCUzRCUyMjU2JTIyJTIwJTJGJTNFJTNDJTJGYSUzRSUwQSUwQSUzQ2ElMjBocmVmJTNEJTIyaHR0cHMlM0ElMkYlMkZ3d3cuc2hlcmF0b25hbmthcmFob3RlbC5jb20lMkYlMjIlMjB0YXJnZXQlM0QlMjJfYmxhbmslMjIlM0UlM0NpbWclMjBjbGFzcyUzRCUyMmFsaWdubm9uZSUyMHNpemUtZnVsbCUyMHdwLWltYWdlLTc5NSUyMiUyMHNyYyUzRCUyMmh0dHBzJTNBJTJGJTJGd3d3Lm51cm9scmVzaWRlbmNlYmF0dW1pLmNvbSUyRndwLWNvbnRlbnQlMkZ1cGxvYWRzJTJGMjAyMyUyRjA4JTJGMy1udXJvbC1mb290ZXItc2hlcmF0b24tYW5rYXJhLnBuZyUyMiUyMGFsdCUzRCUyMiUyMiUyMHdpZHRoJTNEJTIyODQlMjIlMjBoZWlnaHQlM0QlMjI1NiUyMiUyMCUyRiUzRSUzQyUyRmElM0UlMEElMEElM0NhJTIwaHJlZiUzRCUyMmh0dHBzJTNBJTJGJTJGd3d3Lmx1Z2FsYW5rYXJhaG90ZWwuY29tJTJGJTIyJTIwdGFyZ2V0JTNEJTIyX2JsYW5rJTIyJTNFJTNDaW1nJTIwY2xhc3MlM0QlMjJhbGlnbm5vbmUlMjBzaXplLWZ1bGwlMjB3cC1pbWFnZS03OTklMjIlMjBzcmMlM0QlMjJodHRwcyUzQSUyRiUyRnd3dy5udXJvbHJlc2lkZW5jZWJhdHVtaS5jb20lMkZ3cC1jb250ZW50JTJGdXBsb2FkcyUyRjIwMjMlMkYwOCUyRjQtbnVyb2wtZm9vdGVyLWx1Z2FsLWhvdGVsLnBuZyUyMiUyMGFsdCUzRCUyMiUyMiUyMHdpZHRoJTNEJTIyODQlMjIlMjBoZWlnaHQlM0QlMjI1NiUyMiUyMCUyRiUzRSUzQyUyRmElM0UlMEElMEElM0NhJTIwaHJlZiUzRCUyMmh0dHBzJTNBJTJGJTJGd3d3Lm1hcnJpb3R0LmNvbSUyRmVuLXVzJTJGaG90ZWxzJTJGYnVzc2ktc2hlcmF0b24tYmF0dW1pLWhvdGVsJTJGb3ZlcnZpZXclMkYlMjIlMjB0YXJnZXQlM0QlMjJfYmxhbmslMjIlM0UlM0NpbWclMjBjbGFzcyUzRCUyMmFsaWdubm9uZSUyMHNpemUtZnVsbCUyMHdwLWltYWdlLTgwMyUyMiUyMHNyYyUzRCUyMmh0dHBzJTNBJTJGJTJGd3d3Lm51cm9scmVzaWRlbmNlYmF0dW1pLmNvbSUyRndwLWNvbnRlbnQlMkZ1cGxvYWRzJTJGMjAyMyUyRjA4JTJGNS1udXJvbC1mb290ZXItc2hlcmF0b24tYmF0dW1pLnBuZyUyMiUyMGFsdCUzRCUyMiUyMiUyMHdpZHRoJTNEJTIyODQlMjIlMjBoZWlnaHQlM0QlMjI1NiUyMiUyMCUyRiUzRSUzQyUyRmElM0UlMEElMEE=[\/vc_raw_html][\/vc_column][\/vc_row]\n<\/div>","protected":false},"excerpt":{"rendered":"<p>[vc_row full_width=&#8221;stretch_row&#8221; content_placement=&#8221;middle&#8221; css=&#8221;.vc_custom_1691056533251{padding-top: 15.6px !important;padding-bottom: 15.6px !important;background-color: rgba(31,31,31,0.84) !important;*background-color: rgb(31,31,31) !important;}&#8221; el_class=&#8221;content-padding&#8221;][vc_column width=&#8221;1\/4&#8243;][vc_btn title=&#8221;B\u0130ZE ULA\u015eIN&#8221; style=&#8221;3d&#8221; shape=&#8221;square&#8221; color=&#8221;black&#8221; size=&#8221;sm&#8221; [&hellip;]<\/p>\n","protected":false},"author":1,"featured_media":0,"parent":0,"menu_order":0,"comment_status":"closed","ping_status":"closed","template":"","meta":{"rs_blank_template":"","rs_page_bg_color":"","slide_template_v7":"","footnotes":""},"class_list":["post-495","page","type-page","status-publish","hentry"],"_links":{"self":[{"href":"https:\/\/www.nurolresidencebatumi.com\/tr\/wp-json\/wp\/v2\/pages\/495","targetHints":{"allow":["GET"]}}],"collection":[{"href":"https:\/\/www.nurolresidencebatumi.com\/tr\/wp-json\/wp\/v2\/pages"}],"about":[{"href":"https:\/\/www.nurolresidencebatumi.com\/tr\/wp-json\/wp\/v2\/types\/page"}],"author":[{"embeddable":true,"href":"https:\/\/www.nurolresidencebatumi.com\/tr\/wp-json\/wp\/v2\/users\/1"}],"replies":[{"embeddable":true,"href":"https:\/\/www.nurolresidencebatumi.com\/tr\/wp-json\/wp\/v2\/comments?post=495"}],"version-history":[{"count":5,"href":"https:\/\/www.nurolresidencebatumi.com\/tr\/wp-json\/wp\/v2\/pages\/495\/revisions"}],"predecessor-version":[{"id":1211,"href":"https:\/\/www.nurolresidencebatumi.com\/tr\/wp-json\/wp\/v2\/pages\/495\/revisions\/1211"}],"wp:attachment":[{"href":"https:\/\/www.nurolresidencebatumi.com\/tr\/wp-json\/wp\/v2\/media?parent=495"}],"curies":[{"name":"wp","href":"https:\/\/api.w.org\/{rel}","templated":true}]}}