{"id":501,"date":"2023-08-03T11:04:52","date_gmt":"2023-08-03T11:04:52","guid":{"rendered":"https:\/\/www.nurolresidencebatumi.com\/project\/"},"modified":"2023-08-03T13:55:06","modified_gmt":"2023-08-03T13:55:06","slug":"proje","status":"publish","type":"page","link":"https:\/\/www.nurolresidencebatumi.com\/tr\/proje\/","title":{"rendered":"Proje"},"content":{"rendered":"<div class=\"wpb-content-wrapper\">[vc_row css=&#8221;.vc_custom_1691061541123{margin-bottom: 0px !important;padding-bottom: 0px !important;}&#8221;][vc_column][vc_column_text]\n<p style=\"text-align: center;\">SHERATON OTEL\u0130&#8217;NDEN SONRA NUROL&#8217;UN MODERN BATUM&#8217;A YEN\u0130 HED\u0130YES\u0130, NUROL BATUM KONUTLARI&#8230;<\/p>\n<p style=\"text-align: center;\">HAYAL\u0130N\u0130ZDEK\u0130 EVE, BATUM NUROL KONUTLARI \u0130LE KAVU\u015eUN.<\/p>\n<p style=\"text-align: center;\">S\u0130Z DE BATUM&#8217;UN YEN\u0130 Y\u00dcZ\u00dcNDE YER\u0130N\u0130Z\u0130 ALIN.<\/p>\n[\/vc_column_text][\/vc_column][\/vc_row][vc_row grid=&#8221;true&#8221;][vc_column width=&#8221;1\/4&#8243;][vc_btn title=&#8221;Kat Planlar\u0131&#8221; style=&#8221;3d&#8221; color=&#8221;black&#8221; align=&#8221;center&#8221; i_icon_fontawesome=&#8221;far fa-building&#8221; button_block=&#8221;true&#8221; add_icon=&#8221;true&#8221; link=&#8221;url:https%3A%2F%2Fwww.nurolresidencebatumi.com%2Ftr%2Fproje%2Fkat-planlari%2F&#8221; css=&#8221;.vc_custom_1691070902099{padding-right: 10px !important;padding-left: 10px !important;}&#8221;][\/vc_column][vc_column width=&#8221;1\/4&#8243;][vc_btn title=&#8221;Daire Tipleri&#8221; style=&#8221;3d&#8221; color=&#8221;black&#8221; align=&#8221;center&#8221; i_icon_fontawesome=&#8221;far fa-building&#8221; button_block=&#8221;true&#8221; add_icon=&#8221;true&#8221; link=&#8221;url:https%3A%2F%2Fwww.nurolresidencebatumi.com%2Ftr%2Fproje%2Fdaire-tipleri%2F&#8221; css=&#8221;.vc_custom_1691070890826{padding-right: 10px !important;padding-left: 10px !important;}&#8221;][\/vc_column][vc_column width=&#8221;1\/4&#8243;][vc_btn title=&#8221;Galeri&#8221; style=&#8221;3d&#8221; color=&#8221;black&#8221; align=&#8221;center&#8221; i_icon_fontawesome=&#8221;far fa-building&#8221; button_block=&#8221;true&#8221; add_icon=&#8221;true&#8221; link=&#8221;url:https%3A%2F%2Fwww.nurolresidencebatumi.com%2Ftr%2Fproje%2Fgaleri%2F&#8221; css=&#8221;.vc_custom_1691070879969{padding-right: 10px !important;padding-left: 10px !important;}&#8221;][\/vc_column][vc_column width=&#8221;1\/4&#8243;][vc_btn title=&#8221;Mahal Listesi&#8221; style=&#8221;3d&#8221; color=&#8221;black&#8221; align=&#8221;center&#8221; i_icon_fontawesome=&#8221;far fa-building&#8221; button_block=&#8221;true&#8221; add_icon=&#8221;true&#8221; link=&#8221;url:https%3A%2F%2Fwww.nurolresidencebatumi.com%2Ftr%2Fproje%2Fmahal-listesi%2F&#8221; css=&#8221;.vc_custom_1691070868112{padding-right: 10px !important;padding-left: 10px !important;}&#8221;][\/vc_column][\/vc_row]\n<\/div>","protected":false},"excerpt":{"rendered":"<p>[vc_row css=&#8221;.vc_custom_1691061541123{margin-bottom: 0px !important;padding-bottom: 0px !important;}&#8221;][vc_column][vc_column_text] SHERATON OTEL\u0130&#8217;NDEN SONRA NUROL&#8217;UN MODERN BATUM&#8217;A YEN\u0130 HED\u0130YES\u0130, NUROL BATUM KONUTLARI&#8230; HAYAL\u0130N\u0130ZDEK\u0130 EVE, BATUM [&hellip;]<\/p>\n","protected":false},"author":1,"featured_media":0,"parent":0,"menu_order":0,"comment_status":"closed","ping_status":"closed","template":"","meta":{"rs_blank_template":"","rs_page_bg_color":"","slide_template_v7":"","footnotes":""},"class_list":["post-501","page","type-page","status-publish","hentry"],"_links":{"self":[{"href":"https:\/\/www.nurolresidencebatumi.com\/tr\/wp-json\/wp\/v2\/pages\/501","targetHints":{"allow":["GET"]}}],"collection":[{"href":"https:\/\/www.nurolresidencebatumi.com\/tr\/wp-json\/wp\/v2\/pages"}],"about":[{"href":"https:\/\/www.nurolresidencebatumi.com\/tr\/wp-json\/wp\/v2\/types\/page"}],"author":[{"embeddable":true,"href":"https:\/\/www.nurolresidencebatumi.com\/tr\/wp-json\/wp\/v2\/users\/1"}],"replies":[{"embeddable":true,"href":"https:\/\/www.nurolresidencebatumi.com\/tr\/wp-json\/wp\/v2\/comments?post=501"}],"version-history":[{"count":0,"href":"https:\/\/www.nurolresidencebatumi.com\/tr\/wp-json\/wp\/v2\/pages\/501\/revisions"}],"wp:attachment":[{"href":"https:\/\/www.nurolresidencebatumi.com\/tr\/wp-json\/wp\/v2\/media?parent=501"}],"curies":[{"name":"wp","href":"https:\/\/api.w.org\/{rel}","templated":true}]}}