{"id":518,"date":"2023-08-03T11:22:55","date_gmt":"2023-08-03T11:22:55","guid":{"rendered":"https:\/\/www.nurolresidencebatumi.com\/proje\/material-list\/"},"modified":"2023-08-03T14:14:26","modified_gmt":"2023-08-03T14:14:26","slug":"mahal-listesi","status":"publish","type":"page","link":"https:\/\/www.nurolresidencebatumi.com\/tr\/proje\/mahal-listesi\/","title":{"rendered":"Mahal Listesi"},"content":{"rendered":"<div class=\"wpb-content-wrapper\">[vc_row][vc_column][vc_column_text]\n<p style=\"text-align: center;\"><strong>BATUM NUROL KONUT PROJES\u0130 MAHAL L\u0130STES\u0130<\/strong><\/p>\n<p style=\"text-align: center;\"><strong>\u0130N\u015eAAT S\u0130STEMLER\u0130<\/strong><br \/>\n<strong>\u0130N\u015eAAT S\u0130STEM\u0130<\/strong><\/p>\n<p style=\"text-align: center;\">Deprem g\u00fcvenlikli radye temel, betonarme perde ve end\u00fcstriyel kal\u0131p sistemi<\/p>\n<p style=\"text-align: center;\"><strong>CEPHE<\/strong><\/p>\n<p style=\"text-align: center;\">Aluminyum giydirme \u00f6n cephe, di\u011fer cephelerde projesine g\u00f6re mantolama \u00fcst\u00fc Cam Lif Takviyeli Prekast (GRC) Cephe Panelleri \u00fcst\u00fc boya veya s\u0131va ve boya<\/p>\n<p style=\"text-align: center;\"><strong>YALITIM S\u0130STEM\u0130<\/strong><\/p>\n<p style=\"text-align: center;\">Mantolama \u015feklinde d\u0131\u015ftan \u0131s\u0131 yal\u0131t\u0131m\u0131<\/p>\n<p style=\"text-align: center;\">Katlar aras\u0131nda ses yal\u0131t\u0131ml\u0131 y\u00fczer \u015fap uygulamas\u0131<\/p>\n<p style=\"text-align: center;\"><strong>D\u00d6\u015eEME KAPLAMALARI<\/strong><\/p>\n<p style=\"text-align: center;\">Antre, mutfak, koridor, balkonlar ve banyolar: Seramik<\/p>\n<p style=\"text-align: center;\">Salon ve yatak odalar\u0131: Laminat parke<\/p>\n<p style=\"text-align: center;\">Merdiven sahanl\u0131klar\u0131, asans\u00f6r holleri: Mermer<\/p>\n<p style=\"text-align: center;\">Tesisat mahalleri: Seramik<\/p>\n<p style=\"text-align: center;\"><strong>DUVAR KAPLAMALARI<\/strong><\/p>\n<p style=\"text-align: center;\">Salon, antre, koridor, mutfak ve odalar: Su bazl\u0131 boya<\/p>\n<p style=\"text-align: center;\">WC ve banyolar: Fayans<\/p>\n<p style=\"text-align: center;\">Merdiven sahanl\u0131klar\u0131, asans\u00f6r holleri ve di\u011fer ortak alanlar: Plastik boya<\/p>\n<p style=\"text-align: center;\">Tesisat mahalleri: Plastik boya<\/p>\n<p style=\"text-align: center;\"><strong>TAVAN KAPLAMALARI<\/strong><\/p>\n<p style=\"text-align: center;\">Banyolar: Lamel asma tavan<\/p>\n<p style=\"text-align: center;\">Salon ve odalar: Su bazl\u0131 boya<\/p>\n<p style=\"text-align: center;\"><strong>PENCERELER VE BALKON KAPILARI<\/strong><\/p>\n<p style=\"text-align: center;\">Projesine g\u00f6re aluminyum ve\/veya PVC<\/p>\n<p style=\"text-align: center;\"><strong>KAPILAR<\/strong><\/p>\n<p style=\"text-align: center;\">Daire giri\u015f kap\u0131s\u0131: \u00c7elik kap\u0131<\/p>\n<p style=\"text-align: center;\">\u0130\u00e7 kap\u0131lar: Panel kap\u0131<\/p>\n<p style=\"text-align: center;\"><strong>MUTFAKLAR<\/strong><\/p>\n<p style=\"text-align: center;\">Projesine g\u00f6re mutfak ve gere\u00e7leri: Projesine uygun ebatta davlumbaz, eviye, ankastre elektrikli ocak, (Ar\u00e7elik, Beko veya muadili)<\/p>\n<p style=\"text-align: center;\"><strong>BANYOLAR<\/strong><\/p>\n<p style=\"text-align: center;\">Armat\u00fcrler: AR Musluk<\/p>\n<p style=\"text-align: center;\">Klozet: SEREL<\/p>\n<p style=\"text-align: center;\">Lavabo: Projesine g\u00f6re SEREL marka \u00e7anak lavabo, alt\u0131nda dolap veya yar\u0131m ayak \u2013 tam ayak lavabo<\/p>\n<p style=\"text-align: center;\">K\u00fcvet ve Du\u015f: Projesine g\u00f6re POL\u0130TEK marka k\u00fcvet ve\/veya du\u015f teknesi<\/p>\n<p style=\"text-align: center;\"><strong>MEKANIK S\u0130STEMLER<\/strong><\/p>\n<p style=\"text-align: center;\"><strong>SIHH\u0130 TES\u0130SAT S\u0130STEM\u0130<\/strong><\/p>\n<p style=\"text-align: center;\"><strong>KULLANIM SICAK SUYU TEM\u0130N\u0130<\/strong><\/p>\n<p style=\"text-align: center;\">Kullan\u0131m s\u0131cak suyu kombiden (Kombi kullan\u0131c\u0131 taraf\u0131ndan konulacakt\u0131r) elde edilecek,<\/p>\n<p style=\"text-align: center;\"><strong>KULLANIM SO\u011eUK SUYU TEM\u0130N\u0130<\/strong><\/p>\n<p style=\"text-align: center;\">H\u0130DROFOR Sistemi kurulacakt\u0131r.<\/p>\n<p style=\"text-align: center;\"><strong>SU DEPOSU<\/strong><\/p>\n<p style=\"text-align: center;\">50 Tonluk Merkezi Mod\u00fcler Su Deposu kurulacakt\u0131r,<\/p>\n<p style=\"text-align: center;\">Ta\u015fk\u0131na kar\u015f\u0131 Pis su pompas\u0131 kurulacakt\u0131r,<\/p>\n<p style=\"text-align: center;\"><strong>DO\u011eAL GAZ TES\u0130SATI<\/strong><\/p>\n<p style=\"text-align: center;\">Kombiler i\u00e7in Do\u011falgaz alt yap\u0131 haz\u0131rlanacakt\u0131r,<\/p>\n<p style=\"text-align: center;\">Mutfak Ocaklar\u0131 i\u00e7in Do\u011falgaz alt yap\u0131s\u0131 haz\u0131rlanacakt\u0131r,<\/p>\n<p style=\"text-align: center;\">Hermetik Tip Kombilerin ba\u011flanabilece\u011fi Baca Sistemi kurulacakt\u0131r,<\/p>\n<p style=\"text-align: center;\"><strong>ISITMA VE SO\u011eUTMA TES\u0130SATI<\/strong><\/p>\n<p style=\"text-align: center;\">Hermetik Tip Kombiler konulacakt\u0131r,<\/p>\n<p style=\"text-align: center;\">Panel Radyat\u00f6rler kombiden elde edilecek s\u0131cak su ile beslenecektir,<\/p>\n<p style=\"text-align: center;\">Split Klima Daire Sahibi taraf\u0131ndan konulacakt\u0131r.<\/p>\n<p style=\"text-align: center;\"><strong>ASANS\u00d6RLER<\/strong><\/p>\n<p style=\"text-align: center;\">1 adet CE normunda 800 kg ta\u015f\u0131ma kapasiteli, h=29,78 m, 10 ki\u015filik, 10 Durakl\u0131, 1m\/sn h\u0131za sahip, paslanmaz \u00e7elik ve ah\u015fap kaplama kabinli, makina daireli asans\u00f6r kurulacakt\u0131r.<\/p>\n<p style=\"text-align: center;\"><strong>ELEKTR\u0130K S\u0130STEMLER\u0130<\/strong><\/p>\n<p style=\"text-align: center;\"><strong>TV VE TELEFON<\/strong><\/p>\n<p style=\"text-align: center;\">Her daireye harici hat telefon giri\u015fi, ADSL altyap\u0131s\u0131, salon, mutfak ve odalarda uydu kablolu yay\u0131na uygun TV tesisat\u0131 ve telefon tesisat\u0131 haz\u0131rlanacakt\u0131r.<\/p>\n<p style=\"text-align: center;\"><strong>\u0130NTERKOM<\/strong><\/p>\n<p style=\"text-align: center;\">Konutlar ile blok giri\u015f kap\u0131s\u0131 aras\u0131nda g\u00f6r\u00fcnt\u00fcl\u00fc ileti\u015fim imkanl\u0131, interkom tesisat\u0131 kurulacakt\u0131r.<\/p>\n<p style=\"text-align: center;\"><strong>G\u00dcVENL\u0130K<\/strong><\/p>\n<p style=\"text-align: center;\">Projede g\u00fcvenlik ama\u00e7l\u0131 herhangi bir tesisat bulunmamaktad\u0131r. \u00c7evre ayd\u0131nlatmas\u0131 yap\u0131lmayacakt\u0131r. Dekoratif ve basit bina d\u0131\u015f cephe ayd\u0131nlatmas\u0131 ger\u00e7ekle\u015ftirilecektir.<\/p>\n<p style=\"text-align: center;\"><strong>YANGIN G\u00dcVENL\u0130\u011e\u0130<\/strong><\/p>\n<p style=\"text-align: center;\">Projede yang\u0131n \u00f6nleme ve sa\u011fl\u0131k \u00f6nlemi olarak mutfaklara gaz dedekt\u00f6r\u00fc konulacakt\u0131r.<\/p>\n[\/vc_column_text][\/vc_column][\/vc_row]\n<\/div>","protected":false},"excerpt":{"rendered":"<p>[vc_row][vc_column][vc_column_text] BATUM NUROL KONUT PROJES\u0130 MAHAL L\u0130STES\u0130 \u0130N\u015eAAT S\u0130STEMLER\u0130 \u0130N\u015eAAT S\u0130STEM\u0130 Deprem g\u00fcvenlikli radye temel, betonarme perde ve end\u00fcstriyel kal\u0131p [&hellip;]<\/p>\n","protected":false},"author":1,"featured_media":0,"parent":501,"menu_order":0,"comment_status":"closed","ping_status":"closed","template":"","meta":{"rs_blank_template":"","rs_page_bg_color":"","slide_template_v7":"","footnotes":""},"class_list":["post-518","page","type-page","status-publish","hentry"],"_links":{"self":[{"href":"https:\/\/www.nurolresidencebatumi.com\/tr\/wp-json\/wp\/v2\/pages\/518","targetHints":{"allow":["GET"]}}],"collection":[{"href":"https:\/\/www.nurolresidencebatumi.com\/tr\/wp-json\/wp\/v2\/pages"}],"about":[{"href":"https:\/\/www.nurolresidencebatumi.com\/tr\/wp-json\/wp\/v2\/types\/page"}],"author":[{"embeddable":true,"href":"https:\/\/www.nurolresidencebatumi.com\/tr\/wp-json\/wp\/v2\/users\/1"}],"replies":[{"embeddable":true,"href":"https:\/\/www.nurolresidencebatumi.com\/tr\/wp-json\/wp\/v2\/comments?post=518"}],"version-history":[{"count":0,"href":"https:\/\/www.nurolresidencebatumi.com\/tr\/wp-json\/wp\/v2\/pages\/518\/revisions"}],"up":[{"embeddable":true,"href":"https:\/\/www.nurolresidencebatumi.com\/tr\/wp-json\/wp\/v2\/pages\/501"}],"wp:attachment":[{"href":"https:\/\/www.nurolresidencebatumi.com\/tr\/wp-json\/wp\/v2\/media?parent=518"}],"curies":[{"name":"wp","href":"https:\/\/api.w.org\/{rel}","templated":true}]}}