{"id":659,"date":"2023-08-03T13:31:37","date_gmt":"2023-08-03T13:31:37","guid":{"rendered":"https:\/\/www.nurolresidencebatumi.com\/confidentiality-and-copyright\/"},"modified":"2023-08-03T14:25:16","modified_gmt":"2023-08-03T14:25:16","slug":"confidentiality-and-copyright","status":"publish","type":"page","link":"https:\/\/www.nurolresidencebatumi.com\/tr\/confidentiality-and-copyright\/","title":{"rendered":"Gizlilik ve Telif"},"content":{"rendered":"<p><strong>Nurol Holding A.\u015e.<\/strong>Web Sitesi&#8217;nde yay\u0131nlanan b\u00fct\u00fcn metin, grafik, logo, resimler, foto\u011fraflar, \u015fekiller, teknik \u00e7izimler, video kay\u0131tlar\u0131, filmler, yaz\u0131l\u0131mlar\u0131n ve elektronik materyallerin her t\u00fcrl\u00fc haklar\u0131 sakl\u0131d\u0131r.<\/p>\n<p><strong>Nurol Holding A.\u015e.<\/strong><strong>,<\/strong>sitede belirtilen bilgilerin do\u011frulu\u011fu ve g\u00fcncelli\u011fini temin i\u00e7in gereken \u00e7al\u0131\u015fmay\u0131 yapacakt\u0131r. Ancak sitede kullan\u0131lan bilgilerin genel ge\u00e7erli\u011fi konusunda sorumluluk ta\u015f\u0131maz.<\/p>\n<p>Sitedeki bilgilerin ve referanslar\u0131n yanl\u0131\u015f veya k\u00f6t\u00fcye kullan\u0131lmas\u0131, i\u00e7eri\u011finde olu\u015fabilecek hata ve eksiklikler, siteye ula\u015f\u0131lamamas\u0131, hat ve\/veya sistem ar\u0131zas\u0131 veya bilgisayar vir\u00fcs\u00fcnden dolay\u0131 ortaya \u00e7\u0131kabilecek do\u011frudan ve\/veya dolayl\u0131 zararlardan<strong>Nurol Holding A.\u015e.<\/strong>\u2018nin hi\u00e7bir hukuki veya cezai sorumlulu\u011fu yoktur.<\/p>\n<p><strong>Nurol Holding A.\u015e.,<\/strong>5651 say\u0131l\u0131 \u0130nternet Ortam\u0131nda Yap\u0131lan Yay\u0131nlar\u0131n D\u00fczenlenmesi ve bB Yay\u0131nlar Yoluyla \u0130\u015flenen Su\u00e7larla M\u00fccadele Edilmesi Hakk\u0131nda Kanun uyar\u0131nca bu sitede yer alan linkler vas\u0131tas\u0131yla ba\u011flant\u0131l\u0131 sa\u011flanan di\u011fer internet sitelerinin i\u00e7eriklerinden sorumlu de\u011fildir. Bahsi ge\u00e7en bu linklerin kullan\u0131lmas\u0131ndan kaynaklanan do\u011frudan ve\/veya dolayl\u0131 zararlardan<strong>Nurol Holding A.\u015e.\u2019<\/strong>ninhukuki veya cezai hi\u00e7bir sorumlulu\u011fu yoktur.<\/p>\n<p>Kullan\u0131c\u0131lar\u0131n sitenin baz\u0131 hizmetlerinden yararlanmas\u0131 i\u00e7in verdi\u011fi e-posta adresi, telefon numaras\u0131 gibi ki\u015fisel bilgiler gizli tutulacak ve hi\u00e7bir \u015fekilde \u00fc\u00e7\u00fcnc\u00fc ki\u015filere verilmeyecektir. Ki\u015fisel bilgilere kullan\u0131c\u0131n\u0131n onay\u0131 olmadan ba\u015fka bir ki\u015finin eri\u015fmesi ve\/veya de\u011fi\u015ftirmesi m\u00fcmk\u00fcn de\u011fildir. Ancak<strong>Nurol Holding A.\u015e.,<\/strong>kullan\u0131c\u0131lar\u0131n ki\u015fisel bilgilerini, kullan\u0131c\u0131 profili olu\u015fturmak amac\u0131yla kullanabilir.<\/p>\n<p>Resm\u00ee makamlardan Kullan\u0131c\u0131&#8217;ya y\u00f6nelik bir su\u00e7 duyurusu ya da resm\u00ee soru\u015fturma talebi gelmesi ve\/veya Kullan\u0131c\u0131&#8217;n\u0131n<strong>Nurol Holding A.\u015e.<\/strong>&#8216;nin sistemlerinin \u00e7al\u0131\u015fmas\u0131na engel olacak ya da i\u015fleyi\u015fini de\u011fi\u015ftirecek herhangi bir elektronik sabotaj veya sald\u0131r\u0131 yapt\u0131\u011f\u0131n\u0131n tespit edilmesi halinde,<strong>Nurol Holding A.\u015e.<\/strong>Kullan\u0131c\u0131&#8217;n\u0131n kimlik bilgilerini ara\u015ft\u0131rma ve yasal merc\u00eelere bildirimde bulunma hakk\u0131na sahiptir.<\/p>\n<p>Sitenin kullan\u0131m\u0131 halinde kullan\u0131c\u0131lar yukar\u0131da belirtilen yasal uyar\u0131y\u0131 tamamen ve \u00e7ekincesiz olarak kabul etmi\u015f say\u0131l\u0131rlar.<\/p>\n<p><strong>Nurol Holding A.\u015e.,<\/strong>diledi\u011fi zaman t\u00fcm bilgileri, kurallar\u0131 de\u011fi\u015ftirebilir veya iptal edebilir. Bu hususlar\u0131 takip etmek kullan\u0131c\u0131n\u0131n sorumlulu\u011fundad\u0131r.<\/p>\n<p>Sitenin kullan\u0131m\u0131 T\u00fcrkiye Cumhuriyeti kanunlar\u0131na tabi olup, kullan\u0131mdan kaynaklanan her t\u00fcrl\u00fc ihtilaf\u0131 \u00e7\u00f6zmeyeAnkara Merkez Mahkemeleri ve Ankara \u0130cra Daireleri yetkilidir.<\/p>\n<p><strong>Nurol Holding A.\u015e.<\/strong>\u00a9 2011<\/p>\n<p>Telif Haklar\u0131<strong>Nurol Holding A.\u015e.\u2019<\/strong>ye aittir.<\/p>\n","protected":false},"excerpt":{"rendered":"<p>Nurol Holding A.\u015e.Web Sitesi&#8217;nde yay\u0131nlanan b\u00fct\u00fcn metin, grafik, logo, resimler, foto\u011fraflar, \u015fekiller, teknik \u00e7izimler, video kay\u0131tlar\u0131, filmler, yaz\u0131l\u0131mlar\u0131n ve elektronik [&hellip;]<\/p>\n","protected":false},"author":1,"featured_media":0,"parent":0,"menu_order":0,"comment_status":"closed","ping_status":"closed","template":"","meta":{"rs_blank_template":"","rs_page_bg_color":"","slide_template_v7":"","footnotes":""},"class_list":["post-659","page","type-page","status-publish","hentry"],"_links":{"self":[{"href":"https:\/\/www.nurolresidencebatumi.com\/tr\/wp-json\/wp\/v2\/pages\/659","targetHints":{"allow":["GET"]}}],"collection":[{"href":"https:\/\/www.nurolresidencebatumi.com\/tr\/wp-json\/wp\/v2\/pages"}],"about":[{"href":"https:\/\/www.nurolresidencebatumi.com\/tr\/wp-json\/wp\/v2\/types\/page"}],"author":[{"embeddable":true,"href":"https:\/\/www.nurolresidencebatumi.com\/tr\/wp-json\/wp\/v2\/users\/1"}],"replies":[{"embeddable":true,"href":"https:\/\/www.nurolresidencebatumi.com\/tr\/wp-json\/wp\/v2\/comments?post=659"}],"version-history":[{"count":0,"href":"https:\/\/www.nurolresidencebatumi.com\/tr\/wp-json\/wp\/v2\/pages\/659\/revisions"}],"wp:attachment":[{"href":"https:\/\/www.nurolresidencebatumi.com\/tr\/wp-json\/wp\/v2\/media?parent=659"}],"curies":[{"name":"wp","href":"https:\/\/api.w.org\/{rel}","templated":true}]}}